{"id":127,"date":"2012-01-03T15:35:41","date_gmt":"2012-01-03T15:35:41","guid":{"rendered":"http:\/\/cottonclub.com.br\/cottonclub\/?page_id=127"},"modified":"2020-06-30T14:41:35","modified_gmt":"2020-06-30T14:41:35","slug":"contatos","status":"publish","type":"page","link":"https:\/\/cottonclub.com.br\/cottonclub\/contatos\/","title":{"rendered":"Contatos"},"content":{"rendered":"<p><strong>Loja Petr\u00f3polis<strong>:\u00a0 <\/strong><\/strong> Petr\u00f3polis &#8211; Rua Teresa, 338<br \/>\n<strong>Loja Caxias: <\/strong>Feir\u00e3o das malhas &#8211; Lj 161<br \/>\n<strong>F\u00e1brica<\/strong>: Rua C\u00e2ndido Portinari, 338 &#8211; Mosela &#8211; Petr\u00f3polis &#8211; RJ<br \/>\n<strong>Nossos telefones<\/strong>: (24) 2237-6447 \u00a0| \u00a0(24) 2246-1401<br \/>\n<strong>E-mail<\/strong>: <a title=\"cottonclub@cottonclub.com.br\" href=\"mailto:mvp1091@gmail.com\" target=\"_blank\" rel=\"noopener noreferrer\">mvp1091@gmail.com<\/a><\/p>\n<a href=\"https:\/\/web.whatsapp.com\/send?phone=5524999643695&#038;text=Ola,%20gostaria%20de%20informa%C3%A7%C3%B5es%20sobre%20as%20roupas%20Cotton%20Club,%20pode%20ajudar?\" class=\"su-button su-button-style-glass\" style=\"color:#FFFFFF;background-color:#18a010;border-color:#14800d;border-radius:7px\" target=\"_blank\" rel=\"noopener noreferrer\"><span style=\"color:#FFFFFF;padding:7px 20px;font-size:16px;line-height:24px;border-color:#5ebd58;border-radius:7px;text-shadow:none\"><i class=\"sui sui-whatsapp\" style=\"font-size:16px;color:#FFFFFF\"><\/i> Compre Pelo Whatsapp<\/span><\/a> <a href=\"https:\/\/www.instagram.com\/cottoncluboficial\/\" class=\"su-button su-button-style-glass\" style=\"color:#FFFFFF;background-color:#1034a0;border-color:#0d2a80;border-radius:7px\" target=\"_blank\" rel=\"noopener noreferrer\"><span style=\"color:#FFFFFF;padding:7px 20px;font-size:16px;line-height:24px;border-color:#5871bd;border-radius:7px;text-shadow:none\"><i class=\"sui sui-whatsapp\" style=\"font-size:16px;color:#FFFFFF\"><\/i> Instagram<\/span><\/a>\n<hr \/>\n\n\n<!-- Fast Secure Contact Form plugin 4.0.52 - begin - FastSecureContactForm.com -->\r\n<div style=\"clear:both;\"><\/div>\n<p>Entre em contato!<\/p>\r\n<div id=\"FSContact1\" style=\"width:99%; max-width:555px;\">\r\n<form action=\"https:\/\/cottonclub.com.br\/cottonclub\/wp-json\/wp\/v2\/pages\/127#FSContact1\" id=\"fscf_form1\" method=\"post\">\r\n\n<div id=\"fscf_div_clear1_0\" style=\"clear:both;\">\n  <div id=\"fscf_div_field1_0\" style=\"clear:left; float:left; width:99%; max-width:550px; margin-right:10px;\">\r\n    <div style=\"text-align:left; padding-top:5px;\">\n      <label style=\"text-align:left;\" for=\"fscf_name1\">Nome:<\/label>\n    <\/div>\r\n    <div style=\"text-align:left;\">\r\n      <input style=\"text-align:left; margin:0; width:99%; max-width:250px;\" type=\"text\" id=\"fscf_name1\" name=\"full_name\" value=\"\"  readonly=\"readonly\" \/>\r\n    <\/div>\r\n  <\/div>\n<\/div>\n\n<div id=\"fscf_div_clear1_1\" style=\"clear:both;\">\n  <div id=\"fscf_div_field1_1\" style=\"clear:left; float:left; width:99%; max-width:550px; margin-right:10px;\">\n    <div style=\"text-align:left; padding-top:5px;\">\n      <label style=\"text-align:left;\" for=\"fscf_email1\">E-mail:<\/label>\n    <\/div>\n    <div style=\"text-align:left;\">\n      <input style=\"text-align:left; margin:0; width:99%; max-width:250px;\" type=\"text\" id=\"fscf_email1\" name=\"email\" value=\"\"  readonly=\"readonly\" \/>\n    <\/div>\n  <\/div>\n<\/div>\n\n<div id=\"fscf_div_clear1_2\" style=\"clear:both;\">\n  <div id=\"fscf_div_field1_2\" style=\"clear:left; float:left; width:99%; max-width:550px; margin-right:10px;\">\n    <div style=\"text-align:left; padding-top:5px;\">\n      <label style=\"text-align:left;\" for=\"fscf_field1_2\">Assunto<\/label>\n    <\/div>\n    <div style=\"text-align:left;\">\n      <select style=\"text-align:left;\" id=\"fscf_field1_2\" name=\"subject[]\">\n        <option value=\"1\">Revender nossa cole\u00e7\u00e3o<\/option>\n        <option value=\"2\">Ser um representante em sua Cidade<\/option>\n        <option value=\"3\">Sugerir ou elogiar atendimento na loja<\/option>\n        <option value=\"4\">Outros assuntos \/ Diversos<\/option>\n      <\/select>\n    <\/div>\n  <\/div>\n<\/div>\n\n<div id=\"fscf_div_clear1_3\" style=\"clear:both;\">\n  <div id=\"fscf_div_field1_3\" style=\"clear:left; float:left; width:99%; max-width:550px; margin-right:10px;\">\n    <div style=\"text-align:left; padding-top:5px;\">\n      <label style=\"text-align:left;\" for=\"fscf_field1_3\">Sua mensagem<\/label>\n    <\/div>\n    <div style=\"text-align:left;\">\n      <textarea style=\"text-align:left; margin:0; width:99%; max-width:250px; height:120px;\" id=\"fscf_field1_3\" name=\"message\" cols=\"30\" rows=\"10\" ><\/textarea>\n    <\/div>\n  <\/div>\n<\/div>\r\n<div style=\"clear:both;\"><\/div>\n\n<div style=\"text-align:left; padding-top:5px;\">\n<\/div>\n<div id=\"fscf_captcha_image_div1\" style=\"width:250px; height:65px; padding-top:2px;\">\n      <img loading=\"lazy\" decoding=\"async\" id=\"fscf_captcha_image1\" style=\"border-style:none; margin:0; padding:0px; padding-right:5px; float:left;\" src=\"https:\/\/cottonclub.com.br\/cottonclub\/wp-content\/plugins\/si-contact-form\/captcha\/securimage_show.php?prefix=F9sboOu051zyKyyI\" width=\"175\" height=\"60\" alt=\"CAPTCHA Imagem\" title=\"CAPTCHA Imagem\" \/>\n      <input id=\"fscf_captcha_prefix1\" type=\"hidden\" name=\"fscf_captcha_prefix1\" value=\"F9sboOu051zyKyyI\" \/>\n     <div id=\"fscf_captcha_refresh1\">\n        <a href=\"#\" rel=\"nofollow\" title=\"Atualizar Imagem\" onclick=\"fscf_captcha_refresh('1','\/cottonclub\/wp-content\/plugins\/si-contact-form\/captcha','https:\/\/cottonclub.com.br\/cottonclub\/wp-content\/plugins\/si-contact-form\/captcha\/securimage_show.php?prefix='); return false;\">\n        <img loading=\"lazy\" decoding=\"async\" src=\"https:\/\/cottonclub.com.br\/cottonclub\/wp-content\/plugins\/si-contact-form\/captcha\/images\/refresh.png\" width=\"22\" height=\"20\" alt=\"Atualizar Imagem\" style=\"border-style:none; margin:0; padding:0px; vertical-align:bottom;\" onclick=\"this.blur();\" \/><\/a>\r\n     <\/div>\r\n<\/div>\r\n\r\n<div id=\"fscf_captcha_field1\" style=\"text-align:left; padding-top:5px;\">\r\n     <label style=\"text-align:left;\" for=\"fscf_captcha_code1\">CAPTCHA Code:<\/label>\r\n<\/div>\r\n<div style=\"text-align:left;\">\n     <input style=\"text-align:left; margin:0; width:50px;\" type=\"text\" value=\"\" autocomplete=\"off\" id=\"fscf_captcha_code1\" name=\"captcha_code\"  \/>\n<\/div>\n\n<div id=\"fscf_submit_div1\" style=\"text-align:left; clear:both; padding-top:15px;\">\r\n\t\t<input type=\"submit\" id=\"fscf_submit1\" style=\"cursor:pointer; margin:0;\" value=\"Enviar mensagem\"  onclick=\"this.disabled=true; this.value='Enviando...'; this.form.submit();\" \/> \n<\/div>\n\n<input type=\"hidden\" name=\"fscf_submitted\" value=\"0\" \/>\n<input type=\"hidden\" name=\"fs_postonce_1\" value=\"ad275da9b85632bb021f8d830df95b9a,1776077134\" \/>\n<input type=\"hidden\" name=\"si_contact_action\" value=\"send\" \/>\n<input type=\"hidden\" name=\"form_id\" value=\"1\" \/>\n<input type=\"hidden\" name=\"mailto_id\" value=\"1\" \/>\n\n<\/form>\n<\/div>\r\n<div style=\"clear:both;\"><\/div>\n\n<!-- Fast Secure Contact Form plugin 4.0.52 - end - FastSecureContactForm.com -->\n\n","protected":false},"excerpt":{"rendered":"<p>Loja Petr\u00f3polis:\u00a0 Petr\u00f3polis &#8211; Rua Teresa, 338 Loja Caxias: Feir\u00e3o das malhas &#8211; Lj 161 F\u00e1brica: Rua C\u00e2ndido Portinari, 338 &#8211; Mosela &#8211; Petr\u00f3polis &#8211; RJ Nossos telefones: (24) 2237-6447 \u00a0| \u00a0(24) 2246-1401 E-mail: mvp1091@gmail.com<\/p>\n","protected":false},"author":1,"featured_media":0,"parent":0,"menu_order":5,"comment_status":"closed","ping_status":"closed","template":"","meta":{"footnotes":"","_links_to":"","_links_to_target":""},"class_list":["post-127","page","type-page","status-publish","hentry"],"_links":{"self":[{"href":"https:\/\/cottonclub.com.br\/cottonclub\/wp-json\/wp\/v2\/pages\/127","targetHints":{"allow":["GET"]}}],"collection":[{"href":"https:\/\/cottonclub.com.br\/cottonclub\/wp-json\/wp\/v2\/pages"}],"about":[{"href":"https:\/\/cottonclub.com.br\/cottonclub\/wp-json\/wp\/v2\/types\/page"}],"author":[{"embeddable":true,"href":"https:\/\/cottonclub.com.br\/cottonclub\/wp-json\/wp\/v2\/users\/1"}],"replies":[{"embeddable":true,"href":"https:\/\/cottonclub.com.br\/cottonclub\/wp-json\/wp\/v2\/comments?post=127"}],"version-history":[{"count":19,"href":"https:\/\/cottonclub.com.br\/cottonclub\/wp-json\/wp\/v2\/pages\/127\/revisions"}],"predecessor-version":[{"id":807,"href":"https:\/\/cottonclub.com.br\/cottonclub\/wp-json\/wp\/v2\/pages\/127\/revisions\/807"}],"wp:attachment":[{"href":"https:\/\/cottonclub.com.br\/cottonclub\/wp-json\/wp\/v2\/media?parent=127"}],"curies":[{"name":"wp","href":"https:\/\/api.w.org\/{rel}","templated":true}]}}