{"id":51,"date":"2012-01-03T12:20:52","date_gmt":"2012-01-03T12:20:52","guid":{"rendered":"http:\/\/cottonclub.com.br\/cottonclub\/?page_id=51"},"modified":"2020-06-30T14:28:34","modified_gmt":"2020-06-30T14:28:34","slug":"onde-estamos","status":"publish","type":"page","link":"https:\/\/cottonclub.com.br\/cottonclub\/onde-estamos\/","title":{"rendered":"Nossa Loja"},"content":{"rendered":"<p>A loja da <strong>Cotton Club<\/strong> est\u00e1 situada na subida da Rua Teresa, 338,\u00a0\u00a0em um dos melhores endere\u00e7os do polo de modas da Rua Teresa.<br \/>\nVisite Petr\u00f3polis e venha conhecer a nossa loja!<\/p>\n<hr \/>\n<h2>Loja Rua Teresa<\/h2>\n<p>Rua Teresa, 338, Petr\u00f3polis &#8211; RJ<br \/>\n(24) 2237-6447 | (24) 2246-1401<br \/>\n<a title=\"cottonclub@cottonclub.com.br\" href=\"mailto:cottonclub@cottonclub.com.br\">cottonclub@cottonclub.com.br<\/a><\/p>\n<div class=\"su-spoiler su-spoiler-style-fancy su-spoiler-icon-arrow su-spoiler-closed\" data-scroll-offset=\"0\" data-anchor-in-url=\"no\"><div class=\"su-spoiler-title\" tabindex=\"0\" role=\"button\"><span class=\"su-spoiler-icon\"><\/span>Ver mapa<\/div><div class=\"su-spoiler-content su-u-clearfix su-u-trim\">\n<p>&nbsp;<\/p>\n<p><iframe loading=\"lazy\" style=\"border: 0;\" src=\"https:\/\/www.google.com\/maps\/embed?pb=!1m18!1m12!1m3!1d1842.8525031860365!2d-43.173422341794875!3d-22.515248518537152!2m3!1f0!2f0!3f0!3m2!1i1024!2i768!4f13.1!3m3!1m2!1s0x99a7f84b486877%3A0x6ea52d0742a416cb!2sR.%20Teresa%2C%20338%20-%20Centro%2C%20Petr%C3%B3polis%20-%20RJ%2C%2025625-018!5e0!3m2!1spt-BR!2sbr!4v1574903777910!5m2!1spt-BR!2sbr\" width=\"600\" height=\"450\" frameborder=\"0\" allowfullscreen=\"allowfullscreen\"><\/iframe><\/p>\n<\/div><\/div>\n<hr \/>\n<h2>Loja Caxias<\/h2>\n<p>Feir\u00e3o das Malhas &#8211; Loja 161, Caxias &#8211; RJ<br \/>\n(24) 2237-6447 | (24) 2246-1401<br \/>\n<a title=\"cottonclub@cottonclub.com.br\" href=\"mailto:cottonclub@cottonclub.com.br\">cottonclub@cottonclub.com.br<\/a><\/p>\n<div class=\"su-spoiler su-spoiler-style-fancy su-spoiler-icon-arrow su-spoiler-closed\" data-scroll-offset=\"0\" data-anchor-in-url=\"no\"><div class=\"su-spoiler-title\" tabindex=\"0\" role=\"button\"><span class=\"su-spoiler-icon\"><\/span>Ver mapa<\/div><div class=\"su-spoiler-content su-u-clearfix su-u-trim\">\n<p><iframe loading=\"lazy\" style=\"border: 0;\" src=\"https:\/\/www.google.com\/maps\/embed?pb=!1m18!1m12!1m3!1d3679.4265051808284!2d-43.288876534490775!3d-22.749547937999782!2m3!1f0!2f0!3f0!3m2!1i1024!2i768!4f13.1!3m3!1m2!1s0x99710356019149%3A0xeeec9ad9a0fd7890!2sFeir%C3%A3o%20Das%20Malhas%20-%20Caxias!5e0!3m2!1spt-BR!2sbr!4v1574903919433!5m2!1spt-BR!2sbr\" width=\"600\" height=\"450\" frameborder=\"0\" allowfullscreen=\"allowfullscreen\"><\/iframe><\/p>\n<\/div><\/div>\n","protected":false},"excerpt":{"rendered":"<p>A loja da Cotton Club est\u00e1 situada na subida da Rua Teresa, 338,\u00a0\u00a0em um dos melhores endere\u00e7os do polo de modas da Rua Teresa. Visite Petr\u00f3polis e venha conhecer a nossa loja! Loja Rua Teresa Rua Teresa, 338, Petr\u00f3polis &#8211; <a href=\"https:\/\/cottonclub.com.br\/cottonclub\/onde-estamos\/\" class=\"read-more\">Saiba Mais<\/a><\/p>\n","protected":false},"author":1,"featured_media":0,"parent":0,"menu_order":2,"comment_status":"closed","ping_status":"closed","template":"","meta":{"footnotes":"","_links_to":"","_links_to_target":""},"class_list":["post-51","page","type-page","status-publish","hentry"],"_links":{"self":[{"href":"https:\/\/cottonclub.com.br\/cottonclub\/wp-json\/wp\/v2\/pages\/51","targetHints":{"allow":["GET"]}}],"collection":[{"href":"https:\/\/cottonclub.com.br\/cottonclub\/wp-json\/wp\/v2\/pages"}],"about":[{"href":"https:\/\/cottonclub.com.br\/cottonclub\/wp-json\/wp\/v2\/types\/page"}],"author":[{"embeddable":true,"href":"https:\/\/cottonclub.com.br\/cottonclub\/wp-json\/wp\/v2\/users\/1"}],"replies":[{"embeddable":true,"href":"https:\/\/cottonclub.com.br\/cottonclub\/wp-json\/wp\/v2\/comments?post=51"}],"version-history":[{"count":46,"href":"https:\/\/cottonclub.com.br\/cottonclub\/wp-json\/wp\/v2\/pages\/51\/revisions"}],"predecessor-version":[{"id":802,"href":"https:\/\/cottonclub.com.br\/cottonclub\/wp-json\/wp\/v2\/pages\/51\/revisions\/802"}],"wp:attachment":[{"href":"https:\/\/cottonclub.com.br\/cottonclub\/wp-json\/wp\/v2\/media?parent=51"}],"curies":[{"name":"wp","href":"https:\/\/api.w.org\/{rel}","templated":true}]}}